{"id":794,"date":"2014-10-01T18:03:20","date_gmt":"2014-10-01T18:03:20","guid":{"rendered":"http:\/\/www.writingsinrhyme.com\/?page_id=794"},"modified":"2021-08-08T08:07:09","modified_gmt":"2021-08-08T07:07:09","slug":"bibliography","status":"publish","type":"page","link":"https:\/\/writingsinrhyme.com\/index.php\/bibliography\/","title":{"rendered":"Bibliography"},"content":{"rendered":"<blockquote><p>A listing of publishing in print and online media of works of Tom\u00e1s with links to the works on this site, or at the online site of publication, over the past few years.<\/p><\/blockquote>\n<p><strong>2020 &#8211; May 30<\/strong><br \/>\n<em><em>Beachcomber<\/em> magazine<\/em>\u00a0&#8211; Online &#8211;\u00a0<a href=\"https:\/\/www.beachcombingmagazine.com\/blogs\/news\/the-irish-folklore-of-the-celtic-merrow\/\">The Irish Folklore of The Celtic Merrow<\/a>, featuring the verse &#8220;<a href=\"https:\/\/writingsinrhyme.com\/index.php\/catch-of-the-merrow\/\">Catch of the Merrow<\/a>&#8221;<\/p>\n<p><strong>2017 &#8211; October<br \/>\n<em>The Galway Eye<\/em>\u00a0&#8211; Online &#8211;\u00a0<a href=\"http:\/\/theeye.news\/2017\/10\/15\/four-galway-families-involved-in-caribbean-slave-trade\/\">Slavery and the Galway Connection<\/a><\/p>\n<p>Longford Eye<br \/>\n<\/strong><em><strong>A series of articles in a local free monthly magazine&#8230; <a href=\"http:\/\/www.writingsinrhyme.com\/index.php\/the-longford-eye\/\">click here &gt;&gt;&gt;<\/a><\/strong><\/em><em><strong><br \/>\n<\/strong><\/em><\/p>\n<p><strong>The Banagher Review<br \/>\nArticles and poems from 2013 &#8211; 2015 in village annual publication.<\/p>\n<p>2014 &#8211; October<\/strong><\/p>\n<p><em><strong>Blackwater Poets Anthology &#8211; Print &#8211; <a href=\"http:\/\/www.rebelpoetryireland.com\/#!about1\/c110j\">The Day The Mirror Called<\/a>\u00a0(<a href=\"http:\/\/www.rebelpoetryireland.com\/#!spring-2023\/c1ghj\">Buy<\/a>)<\/strong><br \/>\n<strong>Siobhan English<\/strong> <a title=\"2015 Siobhan English Horse Fair Calender, Tara Calling book, and Blackwater Poetry tribute anthology \u2013 some projects Hot Off of the Presses\" href=\"http:\/\/www.writingsinrhyme.com\/index.php\/2015-siobhan-english-horse-fair-calender-tara-calling-book-and-blackwater-poetry-tribute-anthology-some-projects-hot-off-of-the-presses\/\">Calender<\/a><\/em> &#8211; <strong>Print<\/strong> &#8211; &#8220;<a title=\"Long May Horses Shit the Streets\" href=\"http:\/\/www.writingsinrhyme.com\/index.php\/long-may-horses-shit-the-streets\/\">Long May Horses<\/a>&#8221;<\/p>\n<p><strong>2014 &#8211; September<\/strong><\/p>\n<p><em><strong>Whisper n Thunder<\/strong><\/em> &#8211; Online &#8211; &#8220;All My Relations in Creation&#8221;<br \/>\n<em><strong>People Are Amazin<\/strong><\/em>g &#8211; Online &#8211; &#8220;<a title=\"Give to Me an Angry Sea\" href=\"http:\/\/www.writingsinrhyme.com\/index.php\/give-to-me-an-angry-sea\/\">Give to Me an Angry Sea<\/a>&#8221;<br \/>\n<strong>EOISABI<\/strong> Journal online &#8211; &#8220;<a href=\"http:\/\/www.writingsinrhyme.com\/index.php\/the-woman-behind-the-veil\/\">Woman Behind the Veil<\/a>&#8221;<\/p>\n<p><strong>2013 &#8211; December<\/strong><br \/>\n<em><em>Emerald Reflections<\/em> magazine, of the Shamrock Club of Wisconsin<\/em>\u00a0&#8211; Print &#8211;\u00a0Scenes of Irish Christmas in Poem, quoting the verse &#8220;<a href=\"https:\/\/writingsinrhyme.com\/index.php\/wren-sleeps-soundly-this-christmas\/\">Wren Sleeps Soundly This Christmas<\/a>&#8221;<\/p>\n<p><strong>2013 February<\/strong><\/p>\n<p><strong><a href=\"http:\/\/www.moroccoworldnews.com\/2013\/02\/78198\/lovers-of-the-lakes-of-tears\/\"><em>Morroco World News<\/em><\/a> &#8211; <a href=\"http:\/\/www.writingsinrhyme.com\/index.php\/lovers-of-the-lakes-of-tears\/\">Lovers at the Lake of Tears<\/a><\/strong><\/p>\n<p><strong>Midland Tribune, (Ireland) (print)<\/strong><br \/>\nPoetry article featuring poem &#8220;<a href=\"http:\/\/www.writingsinrhyme.com\/index.php\/lettera-damore\/\">Lettera D&#8217;Amore<\/a>&#8221;<\/p>\n<p><strong>&#8220;Under the Fading Lamp&#8221; (Ireland) Tullamore Rhymers Club Chapbook (print)<\/strong><br \/>\nPoem: &#8220;<a href=\"http:\/\/www.writingsinrhyme.com\/index.php\/lettera-damore\/\">Lettera D&#8217;Amore<\/a>&#8221;<\/p>\n<p><strong>2013 &#8211; January<br \/>\nO&#8217;Donoghue Society Journal &#8211; ISSUE 53: JANUARY 2013<br \/>\n&#8220;<a href=\"http:\/\/www.writingsinrhyme.com\/index.php\/old-clonbroney\/\">Old Clonbroney<\/a> and death messengers&#8221;<\/strong><\/p>\n<p><strong>Men in the Company of Women<\/strong> &#8211; <a href=\"https:\/\/www.amazon.com\/Men-Company-Women-Provocative-Persuasion\/dp\/0985471565\">Print (Anthology)<\/a> &#8211;<\/p>\n<ul>\n<li><b>Publisher:<\/b> <a href=\"http:\/\/edgarallanpoet.com\/Men_in_the_Company.html\">Edgar &amp; Lenore&#8217;s Publishing House<\/a> (January 28, 2013)<\/li>\n<li><b>ISBN-10:<\/b> 0985471565\u00a0<b>ISBN-13:<\/b> 978-0985471569<\/li>\n<\/ul>\n<p><strong>2012<\/strong><\/p>\n<p><a href=\"https:\/\/www.amazon.com\/World-Healing-Peace-Poetry-Anthology-ebook\/dp\/B007R07FD6#navbar\">World Healing, World Peace 2012: a Poetry Anthology : Vol I<br \/>\n(Inner Child Press &#8211; USA) &#8211; Buy at Amazon<br \/>\n<\/a><strong><br \/>\n<\/strong><\/p>\n<p><strong>Whisper n Thunder, (USA) (online)<\/strong><br \/>\nNative American cultural website<br \/>\nArticle: &#8220;<a href=\"http:\/\/www.writingsinrhyme.com\/index.php\/snakes-all-around-us-the-legend-retold\/\">Snakes all Around Us<\/a>&#8221;<br \/>\nPoem: &#8220;<a href=\"http:\/\/www.writingsinrhyme.com\/index.php\/snakes-all-around-us\/\">Snakes all Around Us<\/a>&#8221;<\/p>\n<p>Poetry Bus 3 (Ireland)<br \/>\nPoetry Magazine<br \/>\nHaiku &#8220;Swallow on a Wire&#8221;<\/p>\n<p><strong>Danse Macabre<\/strong> ISSN 2152-4580 (<a href=\"http:\/\/dansemacabreonline.wix.com\/dm-archiv#!__dm-61\/poetry\/vstc11=drei-durch-drei\">Online<\/a>)<br \/>\n~ <a href=\"http:\/\/www.writingsinrhyme.com\/index.php\/a-kind-of-madness\">A Kind of Madness<\/a> | <a href=\"http:\/\/www.writingsinrhyme.com\/index.php\/the-muses-cafe\/\">The Muses Cafe<\/a> | <a href=\"http:\/\/www.writingsinrhyme.com\/index.php\/address-to-my-feathered-friend\/\">Address to my Feathered Friend<\/a> |<\/p>\n<p><strong>2011 &#8211; December<\/strong><\/p>\n<p><em><strong>Diogen<\/strong><\/em> &#8211; (<a href=\"http:\/\/diogenplus.weebly.com\/tomas-o-carthaigh.html\">Online<\/a>, Print \/ Bosnia) &#8211;<br \/>\n&#8220;<a title=\"A City Slowly Comes to Life\" href=\"http:\/\/www.writingsinrhyme.com\/index.php\/a-city-slowly-comes-to-life\/\">A City Slowly Comes to Life<\/a>&#8221; \/ &#8220;<a title=\"Grad Polako Biva Sve \u017eivlji\" href=\"http:\/\/www.writingsinrhyme.com\/index.php\/grad-polako-biva-sve-zivlji\/\">Grad Polako Biva Sve \u017eivlji<\/a>&#8221;<br \/>\n<a href=\"http:\/\/www.writingsinrhyme.com\/index.php\/all-gone-home\/\">&#8220;All Gone Home&#8221;<\/a>\u00a0| <a href=\"http:\/\/www.writingsinrhyme.com\/index.php\/three-men-dead\/\">Three Men Dead<\/a><\/p>\n<p><strong>14 Oct 2011<\/strong><br \/>\nUN Poems for Peace (Online)<br \/>\n<a href=\"http:\/\/www.un.org\/disarmament\/special\/poetryforpeace\/poems\/carthaigh\/\">http:\/\/www.un.org\/disarmament\/special\/poetryforpeace\/poems\/carthaigh\/<\/a><\/p>\n<p><strong>2010<\/strong><\/p>\n<p><strong>Poets Express CD <\/strong>Audio CD<br \/>\nPoem reading &#8220;<a href=\"http:\/\/www.writingsinrhyme.com\/index.php\/address-to-my-feathered-friend\/\">Little Bird<\/a>&#8221;<\/p>\n<p><strong>May 8th 2010<\/strong><br \/>\n<strong>World Poets Quarterly Vol 58<\/strong>, (Print \/ China) <em><a href=\"http:\/\/www.writingsinrhyme.com\/index.php\/out-they-came\/\">Out They Came<\/a><\/em><\/p>\n<p><strong>January 19, 2010<\/strong><br \/>\n<a title=\"\">https:\/\/imagespoetry.wordpress.com\/2010\/01\/19\/isis-the-mighty-mother-painting-by-karisma-austria-the-goddess-of-weather-poem-by-tomas-o-carthaigh-eire\/<\/a><\/p>\n<p><strong>March 15th, 2010<\/strong><br \/>\n<a title=\"\">http:\/\/aforgottenpromise.blogspot.ie\/2010\/03\/lead-through-life-poem-written-by-tomas.html<\/a><\/p>\n<p><strong>April 12th, 2010<\/strong><br \/>\n<a title=\"\">http:\/\/immaginepoesia.wordpress.com\/2010\/04\/12\/dead-souls-and-black-dogs-poem-by-tomas-o-carthaigh-ireland-dance-macabre-digital-painting-by-sarah\/<\/a><\/p>\n<p><strong>October 16, 2010<\/strong><br \/>\n<a title=\"\">http:\/\/imagespoetry.wordpress.com\/2010\/10\/16\/the-flower-of-conscious-and-the-world-painting-by-misako-chida-china-life-cycle-poem-by-tomas-o-carthaig-eire\/<\/a><\/p>\n<p><strong>2009 &#8211; November<\/strong><\/p>\n<p><a href=\"http:\/\/www.mixbook.com\/photo-books\/pets\/horses-4602858?feature_header_redesign_c=true&amp;feature_header_redesign_c_mp_gray=false&amp;utm_referrer=https%3A%2F%2Fwww.google.fr%2F\"><strong>&#8220;Horses&#8221; &#8211; Rachel Metzger<\/strong><\/a> &#8211; <a href=\"http:\/\/www.writingsinrhyme.com\/index.php\/a-horse-is-a-horse\/\">A Horse Is A Horse<\/a><\/p>\n<p>World Poets Quarterly Volume 56 (Print \/ China) ~ <a href=\"http:\/\/www.writingsinrhyme.com\/index.php\/born-of-Loneliness-are-the-arts\">Born of Loneliness Are the Arts<\/a><\/p>\n<p><strong>2007 &#8211; September<\/strong><\/p>\n<p><em><strong>Words from Across the World<\/strong><\/em> (Anthology) &#8211; <a href=\"http:\/\/www.lulu.com\/shop\/scot-savage-and-tom-tancin-and-stephen-shearer-and-tomas-ocarthaigh\/words-from-across-the-world\/paperback\/product-1554292.html\">Print<\/a> &#8211; ISBN\u00a0\u00a0\u00a0 9781424329427<\/p>\n<p><strong>2005<\/strong><\/p>\n<p>&#8220;&#8221;Writings in Rhyme&#8221;&#8221;<br \/>\nBook, print &amp; PDF<br \/>\nSelf published (Cartyweb via Lulu)<\/p>\n","protected":false},"excerpt":{"rendered":"<p>A listing of publishing in print and online media of works of Tom\u00e1s with links to the works on this site, or at the online site of publication, over the past few years. 2020 &#8211; May 30 Beachcomber magazine\u00a0&#8211; Online &#8211;\u00a0The Irish Folklore of The Celtic Merrow, featuring the verse &#8230;<\/p>\n","protected":false},"author":1,"featured_media":0,"parent":0,"menu_order":0,"comment_status":"closed","ping_status":"open","template":"template-full-width.php","meta":{"footnotes":""},"class_list":["post-794","page","type-page","status-publish","hentry","column","twocol"],"jetpack_shortlink":"https:\/\/wp.me\/P7EI4f-cO","jetpack_likes_enabled":true,"jetpack-related-posts":[{"id":4295,"url":"https:\/\/writingsinrhyme.com\/index.php\/bibliography\/the-galway-eye\/","url_meta":{"origin":794,"position":0},"title":"The Galway Eye","author":"Tom\u00e1s \u00d3 C\u00e1rthaigh","date":"12th February 2018","format":false,"excerpt":"The Galway Eye is an online newspaper from guess where in Ireland? These are links to articles that I have published with them... - Ireland\u2019s Smallest Comedy Club - A Christmas Reflection - Putting the Homeless in Galway in the headlines - NUIG and its first students - Islam in\u2026","rel":"","context":"Similar post","block_context":{"text":"Similar post","link":""},"img":{"alt_text":"One of the many photos I take of the iconic Cathederal in Galway","src":"https:\/\/i0.wp.com\/www.writingsinrhyme.com\/wp-content\/uploads\/2017\/02\/One-of-the-many-photos-I-take-of-the-iconic-Cathederal-in-Galway.jpg?resize=350%2C200","width":350,"height":200,"srcset":"https:\/\/i0.wp.com\/www.writingsinrhyme.com\/wp-content\/uploads\/2017\/02\/One-of-the-many-photos-I-take-of-the-iconic-Cathederal-in-Galway.jpg?resize=350%2C200 1x, https:\/\/i0.wp.com\/www.writingsinrhyme.com\/wp-content\/uploads\/2017\/02\/One-of-the-many-photos-I-take-of-the-iconic-Cathederal-in-Galway.jpg?resize=525%2C300 1.5x, https:\/\/i0.wp.com\/www.writingsinrhyme.com\/wp-content\/uploads\/2017\/02\/One-of-the-many-photos-I-take-of-the-iconic-Cathederal-in-Galway.jpg?resize=700%2C400 2x, https:\/\/i0.wp.com\/www.writingsinrhyme.com\/wp-content\/uploads\/2017\/02\/One-of-the-many-photos-I-take-of-the-iconic-Cathederal-in-Galway.jpg?resize=1050%2C600 3x"},"classes":[]},{"id":2012,"url":"https:\/\/writingsinrhyme.com\/index.php\/bibliography\/ommmmmm-the-chapbook\/","url_meta":{"origin":794,"position":1},"title":"&#8220;Ommmmmm&#8221; The Chapbook","author":"Tom\u00e1s \u00d3 C\u00e1rthaigh","date":"6th July 2015","format":false,"excerpt":"The new chapbook \"Ommmmmm has been released by Tom\u00e1s - it is 16 pages of poems, long and short, humerous and serius, all with a story to tell. It has been a long time in the threatening, and was recently put together fir the Body & Soul festival. Tom\u00e1s would\u2026","rel":"","context":"With 1 comment","block_context":{"text":"With 1 comment","link":"https:\/\/writingsinrhyme.com\/index.php\/bibliography\/ommmmmm-the-chapbook\/#comments"},"img":{"alt_text":"Tom\u00e1s with Chapbook Ommmmmm! at Poetry in the Park in Athlone","src":"https:\/\/i0.wp.com\/www.writingsinrhyme.com\/wp-content\/uploads\/2015\/07\/Tomas-with-Chapbook-Ommmmmm-at-Poetry-in-the-Park-in-Athlone-300x300.jpg?resize=350%2C200","width":350,"height":200},"classes":[]},{"id":1661,"url":"https:\/\/writingsinrhyme.com\/index.php\/poetry-an-open-book\/","url_meta":{"origin":794,"position":2},"title":"Poetry &#8211; an open book","author":"Tom\u00e1s \u00d3 C\u00e1rthaigh","date":"25th April 2015","format":false,"excerpt":"Film poetry: https:\/\/www.youtube.com\/watch?v=w8pgFYFgf20 Recent Poetry on the website: \u00a0 Where Man Is No Master There are a few spots on earth where Eden exists, and mankind has not it spoiled... A Future Vision When No Future We See Funny take on the old folks parties we will be enjoying! Coffin\u2026","rel":"","context":"Similar post","block_context":{"text":"Similar post","link":""},"img":{"alt_text":"Tom\u00e1s at the Liath Fail in its current setting. It used to be outside the door of The Mound of the Hostages.","src":"https:\/\/i0.wp.com\/www.writingsinrhyme.com\/wp-content\/uploads\/2014\/12\/Tomas-at-the-Liath-Fail-in-its-current-setting.-It-used-to-be-outside-the-door-of-The-Mound-of-the-Hostages.jpg?resize=350%2C200","width":350,"height":200,"srcset":"https:\/\/i0.wp.com\/www.writingsinrhyme.com\/wp-content\/uploads\/2014\/12\/Tomas-at-the-Liath-Fail-in-its-current-setting.-It-used-to-be-outside-the-door-of-The-Mound-of-the-Hostages.jpg?resize=350%2C200 1x, https:\/\/i0.wp.com\/www.writingsinrhyme.com\/wp-content\/uploads\/2014\/12\/Tomas-at-the-Liath-Fail-in-its-current-setting.-It-used-to-be-outside-the-door-of-The-Mound-of-the-Hostages.jpg?resize=525%2C300 1.5x, https:\/\/i0.wp.com\/www.writingsinrhyme.com\/wp-content\/uploads\/2014\/12\/Tomas-at-the-Liath-Fail-in-its-current-setting.-It-used-to-be-outside-the-door-of-The-Mound-of-the-Hostages.jpg?resize=700%2C400 2x, https:\/\/i0.wp.com\/www.writingsinrhyme.com\/wp-content\/uploads\/2014\/12\/Tomas-at-the-Liath-Fail-in-its-current-setting.-It-used-to-be-outside-the-door-of-The-Mound-of-the-Hostages.jpg?resize=1050%2C600 3x"},"classes":[]},{"id":3810,"url":"https:\/\/writingsinrhyme.com\/index.php\/the-longford-eye\/","url_meta":{"origin":794,"position":3},"title":"The Longford Eye","author":"Tom\u00e1s \u00d3 C\u00e1rthaigh","date":"15th July 2017","format":false,"excerpt":"Below is a list with a link to some links to articles written for The Longford Eye, a local free magazine in Longford... Issue 40 - June 2017 HOMES OR BANK BRANCHES? - A Thorn in Their Side Remembering Famine Times in Longford - ECHOES OF TIMES AND MEMORIES Issue\u2026","rel":"","context":"Similar post","block_context":{"text":"Similar post","link":""},"img":{"alt_text":"","src":"","width":0,"height":0},"classes":[]},{"id":3650,"url":"https:\/\/writingsinrhyme.com\/index.php\/meet-tomas-o-carthaigh\/painful-happiness-of-living-reviews-diogen-magazine-sabahudin-hadzialic\/","url_meta":{"origin":794,"position":4},"title":"Painful Happiness of Living &#8211; Reviews &#8211; Diogen Magazine &#8211; Sabahudin Had\u017eiali\u0107","author":"Tom\u00e1s \u00d3 C\u00e1rthaigh","date":"11th April 2017","format":false,"excerpt":"Painful happiness of living Routine of daily prints at Tom\u00e1s \u00d3 C\u00e1rthaigh a gives a birth for the contradiction of expression. But not any contradiction, but just the one that concerns the identity of pain anywhere, on the planet which we are walking, are living. His poetry is a mature\u2026","rel":"","context":"Similar post","block_context":{"text":"Similar post","link":""},"img":{"alt_text":"","src":"","width":0,"height":0},"classes":[]},{"id":3652,"url":"https:\/\/writingsinrhyme.com\/index.php\/meet-tomas-o-carthaigh\/reviews\/","url_meta":{"origin":794,"position":5},"title":"Reviews","author":"Tom\u00e1s \u00d3 C\u00e1rthaigh","date":"11th April 2017","format":false,"excerpt":"Bibliography | Favourite Poets | Poems in Other Languages\u00a0| Around The Web | Events | Reviews Below are some reviews from writers and magazines of Tom\u00e1s work... \"Painful Happiness of Living\" - Sabahudin Had\u017eiali\u0107 (Diogen \/ Bosnia \/ 2011)","rel":"","context":"Similar post","block_context":{"text":"Similar post","link":""},"img":{"alt_text":"","src":"","width":0,"height":0},"classes":[]}],"jetpack_sharing_enabled":true,"_links":{"self":[{"href":"https:\/\/writingsinrhyme.com\/index.php\/wp-json\/wp\/v2\/pages\/794","targetHints":{"allow":["GET"]}}],"collection":[{"href":"https:\/\/writingsinrhyme.com\/index.php\/wp-json\/wp\/v2\/pages"}],"about":[{"href":"https:\/\/writingsinrhyme.com\/index.php\/wp-json\/wp\/v2\/types\/page"}],"author":[{"embeddable":true,"href":"https:\/\/writingsinrhyme.com\/index.php\/wp-json\/wp\/v2\/users\/1"}],"replies":[{"embeddable":true,"href":"https:\/\/writingsinrhyme.com\/index.php\/wp-json\/wp\/v2\/comments?post=794"}],"version-history":[{"count":30,"href":"https:\/\/writingsinrhyme.com\/index.php\/wp-json\/wp\/v2\/pages\/794\/revisions"}],"predecessor-version":[{"id":5019,"href":"https:\/\/writingsinrhyme.com\/index.php\/wp-json\/wp\/v2\/pages\/794\/revisions\/5019"}],"wp:attachment":[{"href":"https:\/\/writingsinrhyme.com\/index.php\/wp-json\/wp\/v2\/media?parent=794"}],"curies":[{"name":"wp","href":"https:\/\/api.w.org\/{rel}","templated":true}]}}