{"id":3652,"date":"2017-04-11T21:53:15","date_gmt":"2017-04-11T20:53:15","guid":{"rendered":"http:\/\/www.writingsinrhyme.com\/?page_id=3652"},"modified":"2017-04-11T21:56:33","modified_gmt":"2017-04-11T20:56:33","slug":"reviews","status":"publish","type":"page","link":"https:\/\/writingsinrhyme.com\/index.php\/meet-tomas-o-carthaigh\/reviews\/","title":{"rendered":"Reviews"},"content":{"rendered":"<blockquote><p><a title=\"Bibliography\" href=\"http:\/\/www.writingsinrhyme.com\/index.php\/bibliography\/\">Bibliography<\/a> | <a title=\"Influences and Inspirations\" href=\"http:\/\/www.writingsinrhyme.com\/index.php\/meet-tomas-o-carthaigh\/influences-and-inspirations\/\">Favourite Poets<\/a> | <a title=\"Poems in Other Languages\" href=\"http:\/\/www.writingsinrhyme.com\/index.php\/poems-in-other-languages\/\">Poems in Other Languages<\/a>\u00a0| <a href=\"http:\/\/www.writingsinrhyme.com\/index.php\/around-the-web\/\">Around The Web | <\/a><a href=\"http:\/\/www.writingsinrhyme.com\/index.php\/events\">Events <\/a><a href=\"http:\/\/www.writingsinrhyme.com\/index.php\/around-the-web\/\">| <\/a><a href=\"http:\/\/www.writingsinrhyme.com\/index.php\/reviews\/\">Reviews <\/a><\/p><\/blockquote>\n<p>Below are some reviews from writers and magazines of Tom\u00e1s work&#8230;<\/p>\n<p><a href=\"http:\/\/www.writingsinrhyme.com\/index.php\/meet-tomas-o-carthaigh\/painful-happiness-of-living-reviews-diogen-magazine-sabahudin-hadzialic\/\">&#8220;Painful Happiness of Living&#8221; &#8211; Sabahudin Had\u017eiali\u0107 (Diogen \/ Bosnia \/ 2011)<\/a><\/p>\n","protected":false},"excerpt":{"rendered":"<p>Bibliography | Favourite Poets | Poems in Other Languages\u00a0| Around The Web | Events | Reviews Below are some reviews from writers and magazines of Tom\u00e1s work&#8230; &#8220;Painful Happiness of Living&#8221; &#8211; Sabahudin Had\u017eiali\u0107 (Diogen \/ Bosnia \/ 2011)<\/p>\n","protected":false},"author":1,"featured_media":0,"parent":2,"menu_order":0,"comment_status":"closed","ping_status":"closed","template":"","meta":{"footnotes":""},"class_list":["post-3652","page","type-page","status-publish","hentry","column","twocol"],"jetpack_shortlink":"https:\/\/wp.me\/P7EI4f-WU","jetpack_likes_enabled":true,"jetpack-related-posts":[{"id":3650,"url":"https:\/\/writingsinrhyme.com\/index.php\/meet-tomas-o-carthaigh\/painful-happiness-of-living-reviews-diogen-magazine-sabahudin-hadzialic\/","url_meta":{"origin":3652,"position":0},"title":"Painful Happiness of Living &#8211; Reviews &#8211; Diogen Magazine &#8211; Sabahudin Had\u017eiali\u0107","author":"Tom\u00e1s \u00d3 C\u00e1rthaigh","date":"11th April 2017","format":false,"excerpt":"Painful happiness of living Routine of daily prints at Tom\u00e1s \u00d3 C\u00e1rthaigh a gives a birth for the contradiction of expression. But not any contradiction, but just the one that concerns the identity of pain anywhere, on the planet which we are walking, are living. His poetry is a mature\u2026","rel":"","context":"Similar post","block_context":{"text":"Similar post","link":""},"img":{"alt_text":"","src":"","width":0,"height":0},"classes":[]},{"id":4138,"url":"https:\/\/writingsinrhyme.com\/index.php\/photo-gallery\/","url_meta":{"origin":3652,"position":1},"title":"Photo Gallery","author":"Tom\u00e1s \u00d3 C\u00e1rthaigh","date":"5th November 2017","format":false,"excerpt":"The Scrapbook - a selection of photos of events Tomas was at over the years, including as part of the Tullamore Rhymers Club Bibliography | Favourite Poets | Poems in Other Languages\u00a0| Around The Web | Events | Reviews\u00a0| Photo Gallery Gl\u00f3r Sessions in Dublin Poet of Protest Hume Book\u2026","rel":"","context":"Similar post","block_context":{"text":"Similar post","link":""},"img":{"alt_text":"Reading at the Gl\u00f3r Sessions in Dublin","src":"https:\/\/i0.wp.com\/www.writingsinrhyme.com\/wp-content\/uploads\/2017\/11\/Glor-300x200.jpg?resize=350%2C200","width":350,"height":200},"classes":[]},{"id":2,"url":"https:\/\/writingsinrhyme.com\/index.php\/meet-tomas-o-carthaigh\/","url_meta":{"origin":3652,"position":2},"title":"Meet Tom\u00e1s \u00d3 C\u00e1rthaigh","author":"Tom\u00e1s \u00d3 C\u00e1rthaigh","date":"7th August 2014","format":false,"excerpt":"Tom\u00e1s works at security to pay the bills, as he doesn't fancy being a starving artist. Writing poetry keeps him sane. Sort of! Member of Tullamore Rhymers Club, Immagine & Poesia and other writers collectives, Tom\u00e1s writes mainly in rhyme. More of a man about a continent than a man\u2026","rel":"","context":"Similar post","block_context":{"text":"Similar post","link":""},"img":{"alt_text":"Tom\u00e1s reading at Poets Express in Bantry in 2010... so long ago!!!","src":"https:\/\/i0.wp.com\/gp1.wac.edgecastcdn.net\/802892\/http_public_production\/photos\/images\/4160127\/original\/resize%3A552x320\/Poets-Express_1295406989.jpg?resize=350%2C200&ssl=1","width":350,"height":200},"classes":[]},{"id":794,"url":"https:\/\/writingsinrhyme.com\/index.php\/bibliography\/","url_meta":{"origin":3652,"position":3},"title":"Bibliography","author":"Tom\u00e1s \u00d3 C\u00e1rthaigh","date":"1st October 2014","format":false,"excerpt":"A listing of publishing in print and online media of works of Tom\u00e1s with links to the works on this site, or at the online site of publication, over the past few years. 2020 - May 30 Beachcomber magazine\u00a0- Online -\u00a0The Irish Folklore of The Celtic Merrow, featuring the verse\u2026","rel":"","context":"Similar post","block_context":{"text":"Similar post","link":""},"img":{"alt_text":"","src":"","width":0,"height":0},"classes":[]}],"jetpack_sharing_enabled":true,"_links":{"self":[{"href":"https:\/\/writingsinrhyme.com\/index.php\/wp-json\/wp\/v2\/pages\/3652","targetHints":{"allow":["GET"]}}],"collection":[{"href":"https:\/\/writingsinrhyme.com\/index.php\/wp-json\/wp\/v2\/pages"}],"about":[{"href":"https:\/\/writingsinrhyme.com\/index.php\/wp-json\/wp\/v2\/types\/page"}],"author":[{"embeddable":true,"href":"https:\/\/writingsinrhyme.com\/index.php\/wp-json\/wp\/v2\/users\/1"}],"replies":[{"embeddable":true,"href":"https:\/\/writingsinrhyme.com\/index.php\/wp-json\/wp\/v2\/comments?post=3652"}],"version-history":[{"count":3,"href":"https:\/\/writingsinrhyme.com\/index.php\/wp-json\/wp\/v2\/pages\/3652\/revisions"}],"predecessor-version":[{"id":3656,"href":"https:\/\/writingsinrhyme.com\/index.php\/wp-json\/wp\/v2\/pages\/3652\/revisions\/3656"}],"up":[{"embeddable":true,"href":"https:\/\/writingsinrhyme.com\/index.php\/wp-json\/wp\/v2\/pages\/2"}],"wp:attachment":[{"href":"https:\/\/writingsinrhyme.com\/index.php\/wp-json\/wp\/v2\/media?parent=3652"}],"curies":[{"name":"wp","href":"https:\/\/api.w.org\/{rel}","templated":true}]}}