{"id":3632,"date":"2017-04-07T22:29:51","date_gmt":"2017-04-07T21:29:51","guid":{"rendered":"http:\/\/www.writingsinrhyme.com\/?page_id=3632"},"modified":"2017-04-07T22:29:51","modified_gmt":"2017-04-07T21:29:51","slug":"events","status":"publish","type":"page","link":"https:\/\/writingsinrhyme.com\/index.php\/events\/","title":{"rendered":"Events"},"content":{"rendered":"<p>Tom\u00e1s has been priviliged to be invited to events across Ireland, and has gatecrashed the odd open mic as well&#8230; some of which are outlined below:<\/p>\n<p><strong>2017<\/strong><br \/>\nA-musing at Accents Cafe, Dublin<br \/>\nScene of the Rhyme, Joe Lee&#8217;s Bar, Tullamore<\/p>\n<p><strong>2016<\/strong><br \/>\nScene of the Rhyme, Joe Lee&#8217;s Bar, Tullamore<\/p>\n<p><strong>2015<\/strong><br \/>\nBody &#038; Soul, Co. Meath<br \/>\nValentia Island Festival, Kerry<br \/>\nSecret Sounds, Kerry<br \/>\nMixed Messages, Dublin<\/p>\n<p>2005<\/p>\n","protected":false},"excerpt":{"rendered":"<p>Tom\u00e1s has been priviliged to be invited to events across Ireland, and has gatecrashed the odd open mic as well&#8230; some of which are outlined below: 2017 A-musing at Accents Cafe, Dublin Scene of the Rhyme, Joe Lee&#8217;s Bar, Tullamore 2016 Scene of the Rhyme, Joe Lee&#8217;s Bar, Tullamore 2015 &#8230;<\/p>\n","protected":false},"author":1,"featured_media":0,"parent":0,"menu_order":0,"comment_status":"closed","ping_status":"closed","template":"","meta":{"footnotes":""},"class_list":["post-3632","page","type-page","status-publish","hentry","column","twocol"],"jetpack_shortlink":"https:\/\/wp.me\/P7EI4f-WA","jetpack_likes_enabled":true,"jetpack-related-posts":[{"id":4138,"url":"https:\/\/writingsinrhyme.com\/index.php\/photo-gallery\/","url_meta":{"origin":3632,"position":0},"title":"Photo Gallery","author":"Tom\u00e1s \u00d3 C\u00e1rthaigh","date":"5th November 2017","format":false,"excerpt":"The Scrapbook - a selection of photos of events Tomas was at over the years, including as part of the Tullamore Rhymers Club Bibliography | Favourite Poets | Poems in Other Languages\u00a0| Around The Web | Events | Reviews\u00a0| Photo Gallery Gl\u00f3r Sessions in Dublin Poet of Protest Hume Book\u2026","rel":"","context":"Similar post","block_context":{"text":"Similar post","link":""},"img":{"alt_text":"Reading at the Gl\u00f3r Sessions in Dublin","src":"https:\/\/i0.wp.com\/www.writingsinrhyme.com\/wp-content\/uploads\/2017\/11\/Glor-300x200.jpg?resize=350%2C200","width":350,"height":200},"classes":[]},{"id":2,"url":"https:\/\/writingsinrhyme.com\/index.php\/meet-tomas-o-carthaigh\/","url_meta":{"origin":3632,"position":1},"title":"Meet Tom\u00e1s \u00d3 C\u00e1rthaigh","author":"Tom\u00e1s \u00d3 C\u00e1rthaigh","date":"7th August 2014","format":false,"excerpt":"Tom\u00e1s works at security to pay the bills, as he doesn't fancy being a starving artist. Writing poetry keeps him sane. Sort of! Member of Tullamore Rhymers Club, Immagine & Poesia and other writers collectives, Tom\u00e1s writes mainly in rhyme. More of a man about a continent than a man\u2026","rel":"","context":"Similar post","block_context":{"text":"Similar post","link":""},"img":{"alt_text":"Tom\u00e1s reading at Poets Express in Bantry in 2010... so long ago!!!","src":"https:\/\/i0.wp.com\/gp1.wac.edgecastcdn.net\/802892\/http_public_production\/photos\/images\/4160127\/original\/resize%3A552x320\/Poets-Express_1295406989.jpg?resize=350%2C200&ssl=1","width":350,"height":200},"classes":[]},{"id":794,"url":"https:\/\/writingsinrhyme.com\/index.php\/bibliography\/","url_meta":{"origin":3632,"position":2},"title":"Bibliography","author":"Tom\u00e1s \u00d3 C\u00e1rthaigh","date":"1st October 2014","format":false,"excerpt":"A listing of publishing in print and online media of works of Tom\u00e1s with links to the works on this site, or at the online site of publication, over the past few years. 2020 - May 30 Beachcomber magazine\u00a0- Online -\u00a0The Irish Folklore of The Celtic Merrow, featuring the verse\u2026","rel":"","context":"Similar post","block_context":{"text":"Similar post","link":""},"img":{"alt_text":"","src":"","width":0,"height":0},"classes":[]},{"id":1193,"url":"https:\/\/writingsinrhyme.com\/index.php\/meet-tomas-o-carthaigh\/influences-and-inspirations\/","url_meta":{"origin":3632,"position":3},"title":"Influences and Inspirations","author":"Tom\u00e1s \u00d3 C\u00e1rthaigh","date":"22nd November 2014","format":false,"excerpt":"The trio of Robert Burns, Robert Service and Robert Frost have had a lasting impression on my writing. Robert Burns Wee Rabbie is known as the Bard of Ayrshire, and his writings typify the peasant poetry which I like, in the vernacular, but rhyming, telling of the day to day\u2026","rel":"","context":"Similar post","block_context":{"text":"Similar post","link":""},"img":{"alt_text":"The Three Roberts, who have been an influence on my writing, Frost, Service and Burns","src":"https:\/\/i0.wp.com\/www.writingsinrhyme.com\/wp-content\/uploads\/2014\/11\/The-Three-Roberts.jpg?resize=350%2C200","width":350,"height":200},"classes":[]},{"id":3652,"url":"https:\/\/writingsinrhyme.com\/index.php\/meet-tomas-o-carthaigh\/reviews\/","url_meta":{"origin":3632,"position":4},"title":"Reviews","author":"Tom\u00e1s \u00d3 C\u00e1rthaigh","date":"11th April 2017","format":false,"excerpt":"Bibliography | Favourite Poets | Poems in Other Languages\u00a0| Around The Web | Events | Reviews Below are some reviews from writers and magazines of Tom\u00e1s work... \"Painful Happiness of Living\" - Sabahudin Had\u017eiali\u0107 (Diogen \/ Bosnia \/ 2011)","rel":"","context":"Similar post","block_context":{"text":"Similar post","link":""},"img":{"alt_text":"","src":"","width":0,"height":0},"classes":[]},{"id":2012,"url":"https:\/\/writingsinrhyme.com\/index.php\/bibliography\/ommmmmm-the-chapbook\/","url_meta":{"origin":3632,"position":5},"title":"&#8220;Ommmmmm&#8221; The Chapbook","author":"Tom\u00e1s \u00d3 C\u00e1rthaigh","date":"6th July 2015","format":false,"excerpt":"The new chapbook \"Ommmmmm has been released by Tom\u00e1s - it is 16 pages of poems, long and short, humerous and serius, all with a story to tell. It has been a long time in the threatening, and was recently put together fir the Body & Soul festival. Tom\u00e1s would\u2026","rel":"","context":"With 1 comment","block_context":{"text":"With 1 comment","link":"https:\/\/writingsinrhyme.com\/index.php\/bibliography\/ommmmmm-the-chapbook\/#comments"},"img":{"alt_text":"Tom\u00e1s with Chapbook Ommmmmm! at Poetry in the Park in Athlone","src":"https:\/\/i0.wp.com\/www.writingsinrhyme.com\/wp-content\/uploads\/2015\/07\/Tomas-with-Chapbook-Ommmmmm-at-Poetry-in-the-Park-in-Athlone-300x300.jpg?resize=350%2C200","width":350,"height":200},"classes":[]}],"jetpack_sharing_enabled":true,"_links":{"self":[{"href":"https:\/\/writingsinrhyme.com\/index.php\/wp-json\/wp\/v2\/pages\/3632","targetHints":{"allow":["GET"]}}],"collection":[{"href":"https:\/\/writingsinrhyme.com\/index.php\/wp-json\/wp\/v2\/pages"}],"about":[{"href":"https:\/\/writingsinrhyme.com\/index.php\/wp-json\/wp\/v2\/types\/page"}],"author":[{"embeddable":true,"href":"https:\/\/writingsinrhyme.com\/index.php\/wp-json\/wp\/v2\/users\/1"}],"replies":[{"embeddable":true,"href":"https:\/\/writingsinrhyme.com\/index.php\/wp-json\/wp\/v2\/comments?post=3632"}],"version-history":[{"count":1,"href":"https:\/\/writingsinrhyme.com\/index.php\/wp-json\/wp\/v2\/pages\/3632\/revisions"}],"predecessor-version":[{"id":3633,"href":"https:\/\/writingsinrhyme.com\/index.php\/wp-json\/wp\/v2\/pages\/3632\/revisions\/3633"}],"wp:attachment":[{"href":"https:\/\/writingsinrhyme.com\/index.php\/wp-json\/wp\/v2\/media?parent=3632"}],"curies":[{"name":"wp","href":"https:\/\/api.w.org\/{rel}","templated":true}]}}