{"id":2972,"date":"2016-07-13T22:17:33","date_gmt":"2016-07-13T22:17:33","guid":{"rendered":"http:\/\/www.writingsinrhyme.com\/?page_id=2972"},"modified":"2016-07-20T21:34:51","modified_gmt":"2016-07-20T21:34:51","slug":"around-the-web","status":"publish","type":"page","link":"https:\/\/writingsinrhyme.com\/index.php\/around-the-web\/","title":{"rendered":"Around The Web"},"content":{"rendered":"<h6>Some portals and websites around the web where you can find the works of Tom\u00e1s \u00d3 C\u00e1rthaigh. Profiles to be updated, some work will be posted on these before integration on the website here too!<\/h6>\n<div style=\"width: 100%; padding: 0 10pt 0 0; float: none;\">\n<div style=\"width: 30%; padding: 0 10pt 0 0; float: right;\">\n<p><a href=\"https:\/\/www.reverbnation.com\/tomasocarthaigh\">ReverbNation<\/a><br \/>\n<a href=\"https:\/\/soundcloud.com\/tomasocarthaigh\">SoundCloud<br \/>\n<\/a><a href=\"https:\/\/ie.linkedin.com\/in\/tomasocarthaigh\">LinkedIn<\/a><br \/>\n<a href=\"https:\/\/vimeo.com\/tomasocarthaigh\">Vimeo<br \/>\n<\/a><a href=\"https:\/\/www.poeticous.com\/tomas-o-carthaigh\">Poeticous<br \/>\n<\/a><a href=\"http:\/\/hellopoetry.com\/tomas-o-carthaigh\/\">Hello Poetry<br \/>\n<\/a><a href=\"http:\/\/www.poetryatlas.com\/poetry\/author\/974\/tom%C3%A1s--o-c%C3%A1rthaigh.html\">PoetryAtlas<br \/>\n<\/a><a href=\"http:\/\/www.artmajeur.com\/en\/member\/tomasocarthaigh\">ArtMajeur.com<\/a> :<br \/>\n<a href=\"http:\/\/www.eoisabi.org\/?p=26599\">EOI SABI\u00d1\u00c1NIGO<\/a> :<br \/>\n<a href=\"http:\/\/amicidiguidogozzano.jimdo.com\/eventi-2015\/\">World Peace Day 2015<\/a> :<br \/>\n<a href=\"http:\/\/www.best-poems.net\/tomas_o_carthaigh\/index.html\">BestPoems.net<\/a> :<br \/>\n<a href=\"http:\/\/www.poetbay.com\/poetHome.php?writerId=1788\">PoetBay.com<\/a> :<br \/>\n<a href=\"http:\/\/poemhunter.com\/tom-s-c-rthaigh\/\">PoemHunter<\/a> :<br \/>\n<a href=\"http:\/\/lowlands-l.net\/gallery\/carty.php\">Lowlands &#8211; L<\/a> :<\/p>\n<\/div>\n<div style=\"width: 30%; padding: 0 10pt 0 0; float: right;\">\n<h6><a href=\"https:\/\/independent.academia.edu\/ThomasCarty\">Academia.edu<br \/>\n<\/a><a href=\"http:\/\/www.redbubble.com\/people\/tomasocarthaigh\">RedBubble<\/a><br \/>\n<a href=\"https:\/\/www.un.org\/disarmament\/poetryforpeace\/poems\/carthaigh.html\">UN Poetry For Peace<\/a><br \/>\n<a href=\"http:\/\/www.zazzle.com\/tomasocarthaigh\">Zazzle<\/a><br \/>\nIssuu<br \/>\n<a href=\"http:\/\/worldpoetry.ca\/?p=4108\">WorldPoetry.ca<\/a><br \/>\n<a href=\"http:\/\/www.pinterest.com\/tomasocarthaigh\">Pinterest<\/a><br \/>\n<a href=\"https:\/\/truml.com\/tomasocarthaigh\">Truml<\/a><\/h6>\n<p><strong>Mentions &amp; Quotes<\/strong><\/p>\n<h6><a href=\"http:\/\/manentailequine.com\/expert-blog-news\/equine-poetry\/\">Mane n Tail Equine<\/a> :<br \/>\n<a href=\"http:\/\/www.donnamcgee.ie\/poppy-corner-the-final-touch\/\">DonnaMcGee.ie<\/a> :<br \/>\n<a href=\"http:\/\/www.moeboksa.com\/blog.php\">MoeBoska.com<\/a> :<br \/>\n<a href=\"http:\/\/rabiddragoness.blogspot.fr\/2011\/02\/horse-is-horse-by-tomas-o-carthaigh.html\">Rabid Dragoness<\/a> :<br \/>\n<a href=\"http:\/\/www.learn-about-horses.com\/horse-poems.html\">Learn-About-Horses.com<\/a> :<\/h6>\n<\/div>\n<\/div>\n<div style=\"width: 30%; padding: 0 10pt 0 0; float: none;\">\n<h6><a href=\"http:\/\/poeticspace.com\/tomasocarthaigh\">PoeticSpace<\/a><br \/>\n<a href=\"http:\/\/www.writerscafe.org\/tomasocarthaigh\">WritersCafe<\/a><br \/>\n<a href=\"http:\/\/www.authorsden.com\/tomassocarthaigh\">AuthorsDen<\/a><br \/>\n<a href=\"http:\/\/www.myspace.com\/tomasocarthaigh\">MySpace<br \/>\n<\/a><a href=\"http:\/\/www.poetrysoup.com\/poems_poets\/poems_by_poet.aspx?ID=19759\">PoetrySoup<\/a><\/h6>\n<p><strong>Collectives<\/strong><\/p>\n<h6><a href=\"http:\/\/www.poetasdelmundo.com\/detalle-poetas.php?id=7207\">Poetas del Mundo<\/a><\/h6>\n<p>Immage &amp; Poesia<br \/>\n<a href=\"http:\/\/image-poesie.over-blog.com\/article-ici-wind-digital-painting-de-sarah-jackson-canada-poesie-de-tomas-o-carthaigh-irelande-47204042.html\">Collab 1<\/a> :::<br \/>\n<a href=\"http:\/\/mmagine &amp; Poesia - Images and Poetry Volume 1\">Collab 2<\/a> :::<\/p>\n<\/div>\n","protected":false},"excerpt":{"rendered":"<p>Some portals and websites around the web where you can find the works of Tom\u00e1s \u00d3 C\u00e1rthaigh. Profiles to be updated, some work will be posted on these before integration on the website here too! ReverbNation SoundCloud LinkedIn Vimeo Poeticous Hello Poetry PoetryAtlas ArtMajeur.com : EOI SABI\u00d1\u00c1NIGO : World Peace &#8230;<\/p>\n","protected":false},"author":1,"featured_media":0,"parent":0,"menu_order":0,"comment_status":"closed","ping_status":"closed","template":"","meta":{"footnotes":""},"class_list":["post-2972","page","type-page","status-publish","hentry","column","twocol"],"jetpack_shortlink":"https:\/\/wp.me\/P7EI4f-LW","jetpack_likes_enabled":true,"jetpack-related-posts":[{"id":436,"url":"https:\/\/writingsinrhyme.com\/index.php\/irish-poets\/","url_meta":{"origin":2972,"position":0},"title":"Irish Poets","author":"Tom\u00e1s \u00d3 C\u00e1rthaigh","date":"29th August 2014","format":false,"excerpt":"Ireland >>> Offaly Anthony Sullivan Web: www.anthonysullivan.biz Facebook: Page | Ken Hume Web: www.kenhume79.wordpress.com Derek Fanning Web: www.derekfanning.pro.ie Cormac Lally Web: www.cormacom.wordpress.com Ireland >>> Other Julie O Callaghan >>> | Martina Evans >>> | Anne Hartigan >>> | Rita Ann Higgins >>> | Karen O Connor >>> |","rel":"","context":"Similar post","block_context":{"text":"Similar post","link":""},"img":{"alt_text":"","src":"","width":0,"height":0},"classes":[]},{"id":3652,"url":"https:\/\/writingsinrhyme.com\/index.php\/meet-tomas-o-carthaigh\/reviews\/","url_meta":{"origin":2972,"position":1},"title":"Reviews","author":"Tom\u00e1s \u00d3 C\u00e1rthaigh","date":"11th April 2017","format":false,"excerpt":"Bibliography | Favourite Poets | Poems in Other Languages\u00a0| Around The Web | Events | Reviews Below are some reviews from writers and magazines of Tom\u00e1s work... \"Painful Happiness of Living\" - Sabahudin Had\u017eiali\u0107 (Diogen \/ Bosnia \/ 2011)","rel":"","context":"Similar post","block_context":{"text":"Similar post","link":""},"img":{"alt_text":"","src":"","width":0,"height":0},"classes":[]},{"id":4138,"url":"https:\/\/writingsinrhyme.com\/index.php\/photo-gallery\/","url_meta":{"origin":2972,"position":2},"title":"Photo Gallery","author":"Tom\u00e1s \u00d3 C\u00e1rthaigh","date":"5th November 2017","format":false,"excerpt":"The Scrapbook - a selection of photos of events Tomas was at over the years, including as part of the Tullamore Rhymers Club Bibliography | Favourite Poets | Poems in Other Languages\u00a0| Around The Web | Events | Reviews\u00a0| Photo Gallery Gl\u00f3r Sessions in Dublin Poet of Protest Hume Book\u2026","rel":"","context":"Similar post","block_context":{"text":"Similar post","link":""},"img":{"alt_text":"Reading at the Gl\u00f3r Sessions in Dublin","src":"https:\/\/i0.wp.com\/www.writingsinrhyme.com\/wp-content\/uploads\/2017\/11\/Glor-300x200.jpg?resize=350%2C200","width":350,"height":200},"classes":[]},{"id":49,"url":"https:\/\/writingsinrhyme.com\/index.php\/where-are-all-the-poems-gone\/","url_meta":{"origin":2972,"position":3},"title":"Where Are All the Poems Gone?","author":"Tom\u00e1s \u00d3 C\u00e1rthaigh","date":"8th August 2014","format":false,"excerpt":"Due to a crash in the website, the old one has been taken down completely, and the posts from it are slowly being restored. Video poems are now having the text beneath the poem on the one page, for ease of use. Let us know if this works for you.\u2026","rel":"","context":"Similar post","block_context":{"text":"Similar post","link":""},"img":{"alt_text":"","src":"","width":0,"height":0},"classes":[]},{"id":53,"url":"https:\/\/writingsinrhyme.com\/index.php\/links\/","url_meta":{"origin":2972,"position":4},"title":"Links","author":"Tom\u00e1s \u00d3 C\u00e1rthaigh","date":"8th August 2014","format":false,"excerpt":"Key - POR - Portal site | EDU - University | ORG - Orginisation | AGG - Aggregator website 006 - Library of Congress (USA \/ POR) 005 - PENNSound (USA \/ POR) 004 -\u00a0The Irish Literary Times\u00a0(IE - AGG) 003 - Poetry Ireland (IE \/ ORG) 002 - Irish\u2026","rel":"","context":"Similar post","block_context":{"text":"Similar post","link":""},"img":{"alt_text":"","src":"","width":0,"height":0},"classes":[]},{"id":2,"url":"https:\/\/writingsinrhyme.com\/index.php\/meet-tomas-o-carthaigh\/","url_meta":{"origin":2972,"position":5},"title":"Meet Tom\u00e1s \u00d3 C\u00e1rthaigh","author":"Tom\u00e1s \u00d3 C\u00e1rthaigh","date":"7th August 2014","format":false,"excerpt":"Tom\u00e1s works at security to pay the bills, as he doesn't fancy being a starving artist. Writing poetry keeps him sane. Sort of! Member of Tullamore Rhymers Club, Immagine & Poesia and other writers collectives, Tom\u00e1s writes mainly in rhyme. More of a man about a continent than a man\u2026","rel":"","context":"Similar post","block_context":{"text":"Similar post","link":""},"img":{"alt_text":"Tom\u00e1s reading at Poets Express in Bantry in 2010... so long ago!!!","src":"https:\/\/i0.wp.com\/gp1.wac.edgecastcdn.net\/802892\/http_public_production\/photos\/images\/4160127\/original\/resize%3A552x320\/Poets-Express_1295406989.jpg?resize=350%2C200&ssl=1","width":350,"height":200},"classes":[]}],"jetpack_sharing_enabled":true,"_links":{"self":[{"href":"https:\/\/writingsinrhyme.com\/index.php\/wp-json\/wp\/v2\/pages\/2972","targetHints":{"allow":["GET"]}}],"collection":[{"href":"https:\/\/writingsinrhyme.com\/index.php\/wp-json\/wp\/v2\/pages"}],"about":[{"href":"https:\/\/writingsinrhyme.com\/index.php\/wp-json\/wp\/v2\/types\/page"}],"author":[{"embeddable":true,"href":"https:\/\/writingsinrhyme.com\/index.php\/wp-json\/wp\/v2\/users\/1"}],"replies":[{"embeddable":true,"href":"https:\/\/writingsinrhyme.com\/index.php\/wp-json\/wp\/v2\/comments?post=2972"}],"version-history":[{"count":10,"href":"https:\/\/writingsinrhyme.com\/index.php\/wp-json\/wp\/v2\/pages\/2972\/revisions"}],"predecessor-version":[{"id":3014,"href":"https:\/\/writingsinrhyme.com\/index.php\/wp-json\/wp\/v2\/pages\/2972\/revisions\/3014"}],"wp:attachment":[{"href":"https:\/\/writingsinrhyme.com\/index.php\/wp-json\/wp\/v2\/media?parent=2972"}],"curies":[{"name":"wp","href":"https:\/\/api.w.org\/{rel}","templated":true}]}}